{"id":131,"date":"2020-08-07T06:15:11","date_gmt":"2020-08-07T06:15:11","guid":{"rendered":"http:\/\/www.geaasesores.es\/?page_id=131"},"modified":"2022-04-05T19:21:36","modified_gmt":"2022-04-05T17:21:36","slug":"aviso-legal","status":"publish","type":"page","link":"https:\/\/www.geaasesores.es\/index.php\/aviso-legal\/","title":{"rendered":"Aviso Legal"},"content":{"rendered":"<p>[et_pb_section fb_built=\u00bb1&#8243; next_background_color=\u00bb#ffffff\u00bb admin_label=\u00bbHero\u00bb _builder_version=\u00bb4.5.6&#8243; use_background_color_gradient=\u00bbon\u00bb background_color_gradient_start=\u00bb#283d4b\u00bb background_color_gradient_end=\u00bbrgba(128,103,79,0.5)\u00bb background_color_gradient_direction=\u00bb70deg\u00bb background_color_gradient_overlays_image=\u00bbon\u00bb background_image=\u00bbhttps:\/\/www.geaasesores.es\/wp-content\/uploads\/2020\/08\/admin_edifici.jpg\u00bb custom_margin=\u00bb|||\u00bb custom_padding=\u00bb4vw|0px|100px||false|false\u00bb bottom_divider_style=\u00bbmountains2&#8243; bottom_divider_repeat=\u00bb0.5x\u00bb bottom_divider_flip=\u00bbhorizontal|vertical\u00bb global_colors_info=\u00bb{}\u00bb][et_pb_row _builder_version=\u00bb3.25&#8243; custom_margin=\u00bb|||\u00bb custom_padding=\u00bb27px|0px|0|0px|false|false\u00bb global_colors_info=\u00bb{}\u00bb][et_pb_column type=\u00bb4_4&#8243; _builder_version=\u00bb3.25&#8243; custom_padding=\u00bb|||\u00bb global_colors_info=\u00bb{}\u00bb custom_padding__hover=\u00bb|||\u00bb][et_pb_text _builder_version=\u00bb3.27.4&#8243; text_font=\u00bb||||||||\u00bb header_font=\u00bbJosefin Sans|700|||||||\u00bb header_font_size=\u00bb90px\u00bb header_line_height=\u00bb1.4em\u00bb header_2_font=\u00bbJosefin Sans||||||||\u00bb header_2_text_color=\u00bbrgba(255,255,255,0.6)\u00bb header_2_font_size=\u00bb32px\u00bb header_2_line_height=\u00bb1.4em\u00bb background_layout=\u00bbdark\u00bb animation_style=\u00bbslide\u00bb animation_direction=\u00bbright\u00bb animation_intensity_slide=\u00bb4%\u00bb header_font_size_tablet=\u00bb50px\u00bb header_font_size_phone=\u00bb32px\u00bb header_font_size_last_edited=\u00bbon|desktop\u00bb header_2_font_size_tablet=\u00bb\u00bb header_2_font_size_phone=\u00bb24px\u00bb header_2_font_size_last_edited=\u00bbon|phone\u00bb global_colors_info=\u00bb{}\u00bb]<\/p>\n<h1>Aviso Legal<\/h1>\n<p>[\/et_pb_text][\/et_pb_column][\/et_pb_row][\/et_pb_section][et_pb_section fb_built=\u00bb1&#8243; custom_padding_last_edited=\u00bboff|desktop\u00bb admin_label=\u00bbService\u00bb _builder_version=\u00bb3.22&#8243; custom_padding=\u00bb54px|0px|88px|0px|false|false\u00bb global_colors_info=\u00bb{}\u00bb][et_pb_row _builder_version=\u00bb4.5.6&#8243; _module_preset=\u00bbdefault\u00bb global_colors_info=\u00bb{}\u00bb][et_pb_column type=\u00bb4_4&#8243; _builder_version=\u00bb4.5.6&#8243; _module_preset=\u00bbdefault\u00bb global_colors_info=\u00bb{}\u00bb][et_pb_text _builder_version=\u00bb4.5.6&#8243; _module_preset=\u00bbdefault\u00bb text_font_size=\u00bb15px\u00bb width=\u00bb80%\u00bb max_width=\u00bb80%\u00bb module_alignment=\u00bbcenter\u00bb global_colors_info=\u00bb{}\u00bb]<\/p>\n<p><strong>ss917 860 494 \u00f3 914 609 311Condiciones de Uso<\/strong><\/p>\n<p><span>Las condiciones de acceso y uso del presente sitio web se rigen por la legalidad vigente y por el principio de buena fe, comprometi\u00e9ndose el usuario a realizar un buen uso de la web. No se permiten conductas que vayan contra la ley, los derechos o intereses de terceros.<\/span><\/p>\n<p><span>Ser usuario de la web <a href=\"http:\/\/geaasesores.es\">http:\/\/geaasesores.es<\/a> implica que reconoce haber le\u00eddo y aceptado las presentes condiciones y que la normativa legal aplicable estipule respecto a esta materia. Si por el motivo que fuere, no est\u00e1 de acuerdo con estas condiciones, no contin\u00fae usando esta web.<\/span><\/p>\n<p><span>Cualquier tipo de notificaci\u00f3n y\/o reclamaci\u00f3n solamente ser\u00e1 v\u00e1lidad por notificaci\u00f3n escrita y\/o correo certificado.<\/span><\/p>\n<p><span>Para cualquier duda o aclaraci\u00f3n sobre el funcinamiento de esta web, puede contactarnos al siguiente correo electr\u00f3nico: <a href=\"&#x6d;&#97;&#x69;&#108;t&#x6f;&#58;a&#x64;&#109;&#x69;&#x6e;i&#x73;&#116;r&#x61;&#99;&#x69;&#x6f;n&#x40;&#103;e&#x61;&#97;s&#x65;&#115;&#x6f;&#114;e&#x73;&#46;e&#x73;\">a&#100;&#x6d;&#x69;n&#105;&#x73;&#x74;r&#97;&#x63;&#x69;o&#110;&#x40;&#x67;e&#97;&#x61;&#x73;e&#115;&#111;&#x72;&#x65;s&#46;&#x65;&#x73;<\/a><\/span><\/p>\n<p><span>\u00a0<\/span><\/p>\n<p><strong>Responsabilidades<\/strong><\/p>\n<p><span>Gea Asesores no se hace responsable de la informaci\u00f3n y contenidos almacenados en foros, redes sociales o cualquier otro medioque permita a terceros publicar contenidos de forma independiente en la p\u00e1gina web del prestador.<\/span><\/p>\n<p><span>Sin embargo, teniendo en cuenta los art\u00edculos 11 y 16 de la LSSI-CE, Gea Asesores se compromete a la retirada o en su caso bloqueo de aquellos contenidos que pudieran afectar o contravenir la legislaci\u00f3n nacional o internacional, derechos de terceros o la moral y el orden p\u00fablico.<\/span><\/p>\n<p><span>Tampoco la empresa se responsabilizar\u00e1 de los da\u00f1os y perjuicios que se produzcan por fallos o malas configuraciones del software instalado en el ordenador del internauta. Se excluye toda responsabilidad por alguna incidencia t\u00e9cnica o fallo que se produzca cuando el usuario se conecta a internet. Igualmente, no se garantiza la inexistencia de interrupciones o errores en el acceso al sitio web.<\/span><\/p>\n<p><span>Asimismo, Gea Asesores se reserva el derecho a actualizar, modificar o eliminar la informaci\u00f3n contenida en su p\u00e1gina web, as\u00ed como la configuraci\u00f3n o presentaci\u00f3n de la misma, en cualquier momento, sin asumir responsabilidad alguna por ello. <\/span><\/p>\n<p><span>\u00a0<\/span><\/p>\n<p><strong>Propiedad Intelectual e Industrial<\/strong><\/p>\n<p><span>Gea Asesores es titular de todos los derechos sobre el software de la publicaci\u00f3n digital, as\u00ed como de los derechos de propiedad industrial e intelectual referidos a los contenidos que se incluyan, a excepci\u00f3n de los derechos sobre productos y servicios de car\u00e1cter p\u00fablico que no son propiedad de esta empresa.<\/span><\/p>\n<p><span>Ning\u00fan material publicado en esta web podr\u00e1 ser reproducido, copiado o publicado sin el consentimiento por escrito de Gea Asesores. Toda la informaci\u00f3n que se reciba en la web, como fotos, comentarios, sugerencias o ideas, se considerar\u00e1 cedida a Gea Asesores de manera gratuita. No debe enviarse informaci\u00f3n que no pueda ser tratada de este modo.<\/span><\/p>\n<p><span>Las im\u00e1genes utilizadas son propiedad de Gea Asesores o bien recopiladas de bancos de im\u00e1genes gratuitas que se mencionan a continuaci\u00f3n. Si alguien considera que alguna de ellas vulnera su propiedad intelectual, esta ser\u00e1 retirada inmediatamente y deber\u00e1 ponerse en contacto con el banco de im\u00e1genes correspondiente que la ha publicado.<\/span><\/p>\n<p><span>Im\u00e1genes<\/span><\/p>\n<p><span>&#8211; https:\/\/pixabay.com<\/span><span><\/span><\/p>\n<p><span>&#8211; www.flickr.com<\/span><\/p>\n<p><span><\/span><\/p>\n<p><span>===================================================================================================<br \/><\/span><\/p>\n<p><span><\/span><\/p>\n<p><span>De acuerdo con el art\u00edculo 10 de la Ley 34\/2002, de 11 de julio, de Servicios de la Sociedad de la Informaci\u00f3n y de Comercio Electr\u00f3nico, ponemos a su disposici\u00f3n los siguientes datos:<\/span><span>\u00a0<\/span><\/p>\n<p><span style=\"text-decoration: underline;\"><strong>Informaci\u00f3n General<\/strong><\/span><\/p>\n<p><span>Raz\u00f3n Social: Gea Balbar\u00e1n, S.L.<\/span><\/p>\n<p><span>CIF: B88530308<\/span><\/p>\n<p><span>Direcci\u00f3n: <\/span><span>C\/ V\u00eda, 21 | <\/span><span>28019 Madrid<\/span><\/p>\n<p><span>Correo electr\u00f3nico: <a href=\"&#x6d;&#97;&#x69;&#x6c;t&#x6f;&#58;a&#x64;&#109;i&#x6e;&#105;&#x73;&#x74;r&#x61;&#99;i&#x6f;&#110;&#64;&#x67;&#101;&#x61;&#x61;&#115;&#x65;&#x73;o&#x72;&#101;s&#x2e;&#101;s\">administ&#114;&#97;&#99;&#105;&#111;&#110;&#64;&#103;&#101;&#97;&#x61;&#x73;&#x65;&#x73;&#x6f;&#x72;&#x65;&#x73;&#x2e;&#x65;&#x73;<\/a><\/span><\/p>\n<p><span>Tel\u00e9fonos: 917 860 494 \u00f3 914 609 311<\/span><\/p>\n<p>[\/et_pb_text][\/et_pb_column][\/et_pb_row][\/et_pb_section][et_pb_section fb_built=\u00bb1&#8243; _builder_version=\u00bb4.5.3&#8243; _module_preset=\u00bbdefault\u00bb background_color=\u00bb#c65353&#8243; custom_padding=\u00bb0px||10px|||\u00bb global_colors_info=\u00bb{}\u00bb][et_pb_row _builder_version=\u00bb4.5.3&#8243; _module_preset=\u00bbdefault\u00bb min_height=\u00bb34px\u00bb custom_padding=\u00bb16px|||||\u00bb global_colors_info=\u00bb{}\u00bb][et_pb_column type=\u00bb4_4&#8243; _builder_version=\u00bb4.5.3&#8243; _module_preset=\u00bbdefault\u00bb global_colors_info=\u00bb{}\u00bb][et_pb_text _builder_version=\u00bb4.5.3&#8243; _module_preset=\u00bbdefault\u00bb text_font_size=\u00bb18px\u00bb custom_margin=\u00bb||-97px|||\u00bb global_colors_info=\u00bb{}\u00bb]<\/p>\n<p style=\"text-align: center;\"><span style=\"color: #ffffff;\">Gea Asesores es una empresa pertenciente a <span style=\"color: #ffc6c6;\"><a href=\"http:\/\/www.balbaran.es\" style=\"color: #ffc6c6;\" target=\"_blank\" rel=\"noopener noreferrer\">Grupo Balbar\u00e1n<\/a><\/span><\/span><\/p>\n<p>[\/et_pb_text][\/et_pb_column][\/et_pb_row][\/et_pb_section]<\/p>\n","protected":false},"excerpt":{"rendered":"<p>Aviso Legalss917 860 494 \u00f3 914 609 311Condiciones de Uso Las condiciones de acceso y uso del presente sitio web se rigen por la legalidad vigente y por el principio de buena fe, comprometi\u00e9ndose el usuario a realizar un buen uso de la web. No se permiten conductas que vayan contra la ley, los derechos [&hellip;]<\/p>\n","protected":false},"author":1,"featured_media":0,"parent":0,"menu_order":0,"comment_status":"closed","ping_status":"closed","template":"","meta":{"_et_pb_use_builder":"on","_et_pb_old_content":"","_et_gb_content_width":""},"_links":{"self":[{"href":"https:\/\/www.geaasesores.es\/index.php\/wp-json\/wp\/v2\/pages\/131"}],"collection":[{"href":"https:\/\/www.geaasesores.es\/index.php\/wp-json\/wp\/v2\/pages"}],"about":[{"href":"https:\/\/www.geaasesores.es\/index.php\/wp-json\/wp\/v2\/types\/page"}],"author":[{"embeddable":true,"href":"https:\/\/www.geaasesores.es\/index.php\/wp-json\/wp\/v2\/users\/1"}],"replies":[{"embeddable":true,"href":"https:\/\/www.geaasesores.es\/index.php\/wp-json\/wp\/v2\/comments?post=131"}],"version-history":[{"count":8,"href":"https:\/\/www.geaasesores.es\/index.php\/wp-json\/wp\/v2\/pages\/131\/revisions"}],"predecessor-version":[{"id":453,"href":"https:\/\/www.geaasesores.es\/index.php\/wp-json\/wp\/v2\/pages\/131\/revisions\/453"}],"wp:attachment":[{"href":"https:\/\/www.geaasesores.es\/index.php\/wp-json\/wp\/v2\/media?parent=131"}],"curies":[{"name":"wp","href":"https:\/\/api.w.org\/{rel}","templated":true}]}}